{"id":109,"date":"2016-01-16T11:59:57","date_gmt":"2016-01-16T10:59:57","guid":{"rendered":"http:\/\/gw-stgeorg.de\/ev2\/wp\/?page_id=109"},"modified":"2026-04-13T16:44:09","modified_gmt":"2026-04-13T16:44:09","slug":"impressum","status":"publish","type":"page","link":"https:\/\/ev-stgeorg.de\/?page_id=109","title":{"rendered":"Impressum"},"content":{"rendered":"<p>Einwohner*innen-verein St. Georg von 1987 e.V.<\/p>\n<p>Hansaplatz 9<br \/>\n20099 Hamburg<br \/>\nTelefon: +49 40 280 37 31<br \/>\nE-Mail: <a>info(at)ev-stgeorg.de<\/a><br \/>\nInternet: www.ev-stgeorg.de<\/p>\n<p>Bankverbindung:<br \/>\nIBAN: DE77 200 505 50 1230 12 63 59<\/p>\n<p>Zum Download:<\/p>\n<p><strong><a href=\"https:\/\/ev-stgeorg.de\/wp-content\/uploads\/2025\/07\/Satzung-Fassung-vom-12.03.2025.pdf\">Satzung<\/a><\/strong><\/p>\n<p><strong><a href=\"https:\/\/ev-stgeorg.de\/wp-content\/uploads\/2025\/10\/Aufnahmeantrag-EV.pdf\" target=\"_blank\" rel=\"noopener\">Beitrittserkl\u00e4rung als PDF zum Download<\/a><\/strong><\/p>\n<p>Vertretungsberechtigter Vorstand:<br \/>\nSusanne Rautenberg, Steffen Leipnitz, Jana Topp, Rita Kreis<\/p>\n<p>Registergericht: Amtsgericht Hamburg<br \/>\nInhaltlich Verantwortlicher gem\u00e4\u00df \u00a7 10 Absatz 3 MDStV:<br \/>\nEinwohner*innen-verein St. Georg von 1987 e.V.<\/p>\n<p>Webmaster: Andi M\u00fcnning, webmaster[at]ev-stgeorg.de<\/p>\n<p><strong><a href=\"https:\/\/ev-stgeorg.de\/wp-admin\/\">Autoren-Login<br \/>\n<\/a><\/strong><br \/>\nCopyright: Die Bilder auf dieser Homepage wurden uns von Freunden und Mitgliedern des Einwohnerverein St. Georg von 1987 e.V. zur Verf\u00fcgung gestellt und unterliegen dem Copyright der Fotografen und\/oder Autoren. Laden Sie sich gerne die Bilder auf Ihren Computer, an denen Sie Gefallen finden. F\u00fcr den privaten Gebrauch ist es kostenlos. Die meisten Bilder k\u00f6nnen Sie in einer bedeutend besseren Qualit\u00e4t unter<br \/>\ninfo[at]ev-stgeorg.de von uns erhalten.\u00a0Sollten Sie diese Bilder kommerziell nutzen wollen, bitten wir um R\u00fccksprache unter info[at]ev-stgeorg.de<\/p>\n<p>Haftungshinweis: Trotz sorgf\u00e4ltiger inhaltlicher Kontrolle \u00fcbernehmen wir keine Haftung f\u00fcr die Inhalte externer Links. F\u00fcr den Inhalt der verlinkten Seiten sind ausschlie\u00dflich deren Betreiber verantwortlich.<\/p>\n<p>&nbsp;<\/p>\n<p><strong>Die Vorsitzenden des Einwohnervereins St. Georg seit der Gr\u00fcndung am 26.4.1987<\/strong><\/p>\n<ol>\n<li>4.1987: Johanna Lehmann-Grube<\/li>\n<li>4.1988: Karin Niermeyer \u2020<\/li>\n<li>4.1989: Wolfgang Engelhard<\/li>\n<li>4.1990: Helmut Wiederhold<\/li>\n<li>4.1991: Barbara Witte<\/li>\n<li>April 1992: Rainer Schliemann \u2020<\/li>\n<li>5.1993: Liane Lieske<\/li>\n<li>4.1994: Ingo M\u00fcller<\/li>\n<li>4.1995: Rainer Schliemann \u2020<\/li>\n<li>4.1996: Wolfgang Engelhard<\/li>\n<li>4.1997?: Wolfgang Engelhard<\/li>\n<li>6.1998?: Marina Friedt<\/li>\n<li>5.1999: Marina Friedt<\/li>\n<li>4.2000: Marina Friedt<\/li>\n<li>4.2001: Marina Friedt<\/li>\n<li>4.2002: Arne Burmeister \u2020<\/li>\n<li>4.2003: Arne Burmeister \u2020<\/li>\n<li>6.2004?: Arne Burmeister \u2020<\/li>\n<li>3.2005: Klaus St\u00fcrmann \u2020<\/li>\n<li>3.2025: Michael Joho<\/li>\n<\/ol>\n","protected":false},"excerpt":{"rendered":"<p>Einwohner*innen-verein St. Georg von 1987 e.V. Hansaplatz 9 20099 Hamburg Telefon: +49 40 280 37 31 E-Mail: info(at)ev-stgeorg.de Internet: www.ev-stgeorg.de Bankverbindung: IBAN: DE77 200 505 50 1230 12 63 59 Zum Download: Satzung Beitrittserkl\u00e4rung als PDF zum Download Vertretungsberechtigter Vorstand: Susanne Rautenberg, Steffen Leipnitz, Jana Topp, Rita Kreis Registergericht: Amtsgericht Hamburg Inhaltlich Verantwortlicher gem\u00e4\u00df \u00a7 &hellip; <a href=\"https:\/\/ev-stgeorg.de\/?page_id=109\" class=\"more-link\"><span class=\"screen-reader-text\">Impressum<\/span> weiterlesen <span class=\"meta-nav\">&rarr;<\/span><\/a><\/p>\n","protected":false},"author":1,"featured_media":0,"parent":0,"menu_order":7,"comment_status":"closed","ping_status":"closed","template":"","meta":{"footnotes":""},"yoast_head":"<!-- This site is optimized with the Yoast SEO plugin v24.5 - https:\/\/yoast.com\/wordpress\/plugins\/seo\/ -->\n<title>Impressum - Einwohner*innen-verein St. Georg<\/title>\n<meta name=\"robots\" content=\"index, follow, max-snippet:-1, max-image-preview:large, max-video-preview:-1\" \/>\n<link rel=\"canonical\" href=\"https:\/\/ev-stgeorg.de\/?page_id=109\" \/>\n<meta property=\"og:locale\" content=\"de_DE\" \/>\n<meta property=\"og:type\" content=\"article\" \/>\n<meta property=\"og:title\" content=\"Impressum - Einwohner*innen-verein St. Georg\" \/>\n<meta property=\"og:description\" content=\"Einwohner*innen-verein St. Georg von 1987 e.V. Hansaplatz 9 20099 Hamburg Telefon: +49 40 280 37 31 E-Mail: info(at)ev-stgeorg.de Internet: www.ev-stgeorg.de Bankverbindung: IBAN: DE77 200 505 50 1230 12 63 59 Zum Download: Satzung Beitrittserkl\u00e4rung als PDF zum Download Vertretungsberechtigter Vorstand: Susanne Rautenberg, Steffen Leipnitz, Jana Topp, Rita Kreis Registergericht: Amtsgericht Hamburg Inhaltlich Verantwortlicher gem\u00e4\u00df \u00a7 &hellip; Impressum weiterlesen &rarr;\" \/>\n<meta property=\"og:url\" content=\"https:\/\/ev-stgeorg.de\/?page_id=109\" \/>\n<meta property=\"og:site_name\" content=\"Einwohner*innen-verein St. Georg\" \/>\n<meta property=\"article:publisher\" content=\"https:\/\/ev-stgeorg.de\/\" \/>\n<meta property=\"article:modified_time\" content=\"2026-04-13T16:44:09+00:00\" \/>\n<meta name=\"twitter:card\" content=\"summary_large_image\" \/>\n<meta name=\"twitter:label1\" content=\"Gesch\u00e4tzte Lesezeit\" \/>\n\t<meta name=\"twitter:data1\" content=\"2\u00a0Minuten\" \/>\n<script type=\"application\/ld+json\" class=\"yoast-schema-graph\">{\"@context\":\"https:\/\/schema.org\",\"@graph\":[{\"@type\":\"WebPage\",\"@id\":\"https:\/\/ev-stgeorg.de\/?page_id=109\",\"url\":\"https:\/\/ev-stgeorg.de\/?page_id=109\",\"name\":\"Impressum - Einwohner*innen-verein St. Georg\",\"isPartOf\":{\"@id\":\"https:\/\/ev-stgeorg.de\/#website\"},\"datePublished\":\"2016-01-16T10:59:57+00:00\",\"dateModified\":\"2026-04-13T16:44:09+00:00\",\"breadcrumb\":{\"@id\":\"https:\/\/ev-stgeorg.de\/?page_id=109#breadcrumb\"},\"inLanguage\":\"de\",\"potentialAction\":[{\"@type\":\"ReadAction\",\"target\":[\"https:\/\/ev-stgeorg.de\/?page_id=109\"]}]},{\"@type\":\"BreadcrumbList\",\"@id\":\"https:\/\/ev-stgeorg.de\/?page_id=109#breadcrumb\",\"itemListElement\":[{\"@type\":\"ListItem\",\"position\":1,\"name\":\"Startseite\",\"item\":\"https:\/\/ev-stgeorg.de\/\"},{\"@type\":\"ListItem\",\"position\":2,\"name\":\"Impressum\"}]},{\"@type\":\"WebSite\",\"@id\":\"https:\/\/ev-stgeorg.de\/#website\",\"url\":\"https:\/\/ev-stgeorg.de\/\",\"name\":\"Einwohnerverein St. Georg\",\"description\":\"von 1987 e.V.\",\"potentialAction\":[{\"@type\":\"SearchAction\",\"target\":{\"@type\":\"EntryPoint\",\"urlTemplate\":\"https:\/\/ev-stgeorg.de\/?s={search_term_string}\"},\"query-input\":{\"@type\":\"PropertyValueSpecification\",\"valueRequired\":true,\"valueName\":\"search_term_string\"}}],\"inLanguage\":\"de\"}]}<\/script>\n<!-- \/ Yoast SEO plugin. -->","yoast_head_json":{"title":"Impressum - Einwohner*innen-verein St. Georg","robots":{"index":"index","follow":"follow","max-snippet":"max-snippet:-1","max-image-preview":"max-image-preview:large","max-video-preview":"max-video-preview:-1"},"canonical":"https:\/\/ev-stgeorg.de\/?page_id=109","og_locale":"de_DE","og_type":"article","og_title":"Impressum - Einwohner*innen-verein St. Georg","og_description":"Einwohner*innen-verein St. Georg von 1987 e.V. Hansaplatz 9 20099 Hamburg Telefon: +49 40 280 37 31 E-Mail: info(at)ev-stgeorg.de Internet: www.ev-stgeorg.de Bankverbindung: IBAN: DE77 200 505 50 1230 12 63 59 Zum Download: Satzung Beitrittserkl\u00e4rung als PDF zum Download Vertretungsberechtigter Vorstand: Susanne Rautenberg, Steffen Leipnitz, Jana Topp, Rita Kreis Registergericht: Amtsgericht Hamburg Inhaltlich Verantwortlicher gem\u00e4\u00df \u00a7 &hellip; Impressum weiterlesen &rarr;","og_url":"https:\/\/ev-stgeorg.de\/?page_id=109","og_site_name":"Einwohner*innen-verein St. Georg","article_publisher":"https:\/\/ev-stgeorg.de\/","article_modified_time":"2026-04-13T16:44:09+00:00","twitter_card":"summary_large_image","twitter_misc":{"Gesch\u00e4tzte Lesezeit":"2\u00a0Minuten"},"schema":{"@context":"https:\/\/schema.org","@graph":[{"@type":"WebPage","@id":"https:\/\/ev-stgeorg.de\/?page_id=109","url":"https:\/\/ev-stgeorg.de\/?page_id=109","name":"Impressum - Einwohner*innen-verein St. Georg","isPartOf":{"@id":"https:\/\/ev-stgeorg.de\/#website"},"datePublished":"2016-01-16T10:59:57+00:00","dateModified":"2026-04-13T16:44:09+00:00","breadcrumb":{"@id":"https:\/\/ev-stgeorg.de\/?page_id=109#breadcrumb"},"inLanguage":"de","potentialAction":[{"@type":"ReadAction","target":["https:\/\/ev-stgeorg.de\/?page_id=109"]}]},{"@type":"BreadcrumbList","@id":"https:\/\/ev-stgeorg.de\/?page_id=109#breadcrumb","itemListElement":[{"@type":"ListItem","position":1,"name":"Startseite","item":"https:\/\/ev-stgeorg.de\/"},{"@type":"ListItem","position":2,"name":"Impressum"}]},{"@type":"WebSite","@id":"https:\/\/ev-stgeorg.de\/#website","url":"https:\/\/ev-stgeorg.de\/","name":"Einwohnerverein St. Georg","description":"von 1987 e.V.","potentialAction":[{"@type":"SearchAction","target":{"@type":"EntryPoint","urlTemplate":"https:\/\/ev-stgeorg.de\/?s={search_term_string}"},"query-input":{"@type":"PropertyValueSpecification","valueRequired":true,"valueName":"search_term_string"}}],"inLanguage":"de"}]}},"_links":{"self":[{"href":"https:\/\/ev-stgeorg.de\/index.php?rest_route=\/wp\/v2\/pages\/109"}],"collection":[{"href":"https:\/\/ev-stgeorg.de\/index.php?rest_route=\/wp\/v2\/pages"}],"about":[{"href":"https:\/\/ev-stgeorg.de\/index.php?rest_route=\/wp\/v2\/types\/page"}],"author":[{"embeddable":true,"href":"https:\/\/ev-stgeorg.de\/index.php?rest_route=\/wp\/v2\/users\/1"}],"replies":[{"embeddable":true,"href":"https:\/\/ev-stgeorg.de\/index.php?rest_route=%2Fwp%2Fv2%2Fcomments&post=109"}],"version-history":[{"count":41,"href":"https:\/\/ev-stgeorg.de\/index.php?rest_route=\/wp\/v2\/pages\/109\/revisions"}],"predecessor-version":[{"id":2777,"href":"https:\/\/ev-stgeorg.de\/index.php?rest_route=\/wp\/v2\/pages\/109\/revisions\/2777"}],"wp:attachment":[{"href":"https:\/\/ev-stgeorg.de\/index.php?rest_route=%2Fwp%2Fv2%2Fmedia&parent=109"}],"curies":[{"name":"wp","href":"https:\/\/api.w.org\/{rel}","templated":true}]}}