{"id":4,"date":"2016-01-11T16:25:17","date_gmt":"2016-01-11T15:25:17","guid":{"rendered":"http:\/\/gw-stgeorg.de\/ev2\/wp\/?page_id=4"},"modified":"2025-10-06T22:08:02","modified_gmt":"2025-10-06T22:08:02","slug":"aktuell","status":"publish","type":"page","link":"https:\/\/ev-stgeorg.de\/?page_id=4","title":{"rendered":"\u00dcber uns"},"content":{"rendered":"<h4>Was wir wollen<\/h4>\n<p><b>Wir wollen die Stadtteilkultur f\u00f6rdern durch: \u00a0\u00a0<\/b><\/p>\n<ul class=\"ul1\">\n<li class=\"li1\"><b>ein lebendiges Zusammenleben der Einwohner des Stadtteils St Georgs durch eigene Aktivit\u00e4ten im kulturellen und sozialen Bereich<\/b><\/li>\n<li class=\"li1\"><b><\/b><b>wir vermitteln Informationen \u00fcber Fragen, die den Stadtteil betreffen und geben die M\u00f6glichkeiten zur verst\u00e4rkten B\u00fcrgerInnenmitsprache und -wirkung<\/b><\/li>\n<li class=\"li1\"><b>wir wollen das Interesse der EinwohnerInnen St. Georgs am geschichtlichen und aktuellen \u00f6ffentlichen Geschehen wecken<br \/>\n<\/b><\/li>\n<li class=\"li1\"><b>wir f\u00f6rdern die Verst\u00e4ndigung zwischen deutschen und ausl\u00e4ndischen EinwohnerInnen<br \/>\n<\/b><b><\/b><\/li>\n<li class=\"li1\"><b>kurz: wir wollen uns lokalpolitisch f\u00fcr die Interessen der St. Georgerlnnen einsetzen.<br \/>\n<\/b><b><\/b><\/li>\n<li class=\"li1\"><b>Wir sind \u00fcbrigens \u00fcberparteilich.<\/b><\/li>\n<\/ul>\n<h4>Was wir tun<\/h4>\n<p><b>Veranstaltungen und Aktivit\u00e4ten des Vereins sind unter anderem<\/b><\/p>\n<ul class=\"ul1\">\n<li class=\"li1\"><b>die monatliche Herausgabe der Stadtteilzeitung &#8222;Der lachende Drache&#8220;<\/b><\/li>\n<li class=\"li1\"><b>engagierte und kontinuierliche Mitarbeit in den diversen Stadtteilgremien (z.B. SOPI, Stadtteilbeirat)<\/b><\/li>\n<\/ul>\n<ul class=\"ul1\">\n<li class=\"li1\"><b>regelm\u00e4\u00dfige Informationsveranstaltungen f\u00fcr St.Georg<br \/>\n<\/b><\/li>\n<li class=\"li1\"><b>alle Jahre wieder Organisation des Stadtteilfests zusammen mit der ev.luth. Kirche<br \/>\n<\/b><\/li>\n<li class=\"li1\"><b>und immer sehen, wo es brennt &amp; nervt &amp; nicht behagt und sich engagieren nach dem Motto: &#8222;Es gibt viel zu tun, packen wir&#8217;s an&#8230;\u201c<\/b><\/li>\n<\/ul>\n<p>Zum Download:<\/p>\n<p><strong><a href=\"https:\/\/ev-stgeorg.de\/wp-content\/uploads\/2025\/07\/Satzung-Fassung-vom-12.03.2025.pdf\">Satzung<\/a><\/strong><\/p>\n<p><strong><a href=\"https:\/\/ev-stgeorg.de\/wp-content\/uploads\/2025\/10\/Aufnahmeantrag-EV.pdf\" target=\"_blank\" rel=\"noopener\">Beitrittserkl\u00e4rung als PDF zum Download<\/a><\/strong><\/p>\n<p><img loading=\"lazy\" decoding=\"async\" class=\"wp-image-245 aligncenter\" src=\"https:\/\/ev-stgeorg.de\/wp-content\/uploads\/2016\/02\/btsg-skyline_900-300x91.jpg\" alt=\"\" width=\"637\" height=\"194\" srcset=\"https:\/\/ev-stgeorg.de\/wp-content\/uploads\/2016\/02\/btsg-skyline_900-300x91.jpg 300w, https:\/\/ev-stgeorg.de\/wp-content\/uploads\/2016\/02\/btsg-skyline_900.jpg 900w\" sizes=\"(max-width: 637px) 100vw, 637px\" \/><\/p>\n<p><a href=\"https:\/\/www.facebook.com\/groups\/einwohnerstgeorg\" target=\"_blank\" rel=\"noopener\"><img loading=\"lazy\" decoding=\"async\" class=\"wp-image-1603 size-full alignleft\" src=\"https:\/\/ev-stgeorg.de\/wp-content\/uploads\/2021\/05\/fb_finde_uns.png\" alt=\"\" width=\"150\" height=\"55\" \/><\/a><\/p>\n<p>&nbsp;<\/p>\n<p>&nbsp;<\/p>\n","protected":false},"excerpt":{"rendered":"<p>Was wir wollen Wir wollen die Stadtteilkultur f\u00f6rdern durch: \u00a0\u00a0 ein lebendiges Zusammenleben der Einwohner des Stadtteils St Georgs durch eigene Aktivit\u00e4ten im kulturellen und sozialen Bereich wir vermitteln Informationen \u00fcber Fragen, die den Stadtteil betreffen und geben die M\u00f6glichkeiten zur verst\u00e4rkten B\u00fcrgerInnenmitsprache und -wirkung wir wollen das Interesse der EinwohnerInnen St. Georgs am geschichtlichen &hellip; <a href=\"https:\/\/ev-stgeorg.de\/?page_id=4\" class=\"more-link\"><span class=\"screen-reader-text\">\u00dcber uns<\/span> weiterlesen <span class=\"meta-nav\">&rarr;<\/span><\/a><\/p>\n","protected":false},"author":1,"featured_media":0,"parent":0,"menu_order":2,"comment_status":"closed","ping_status":"closed","template":"","meta":{"footnotes":""},"yoast_head":"<!-- This site is optimized with the Yoast SEO plugin v24.5 - https:\/\/yoast.com\/wordpress\/plugins\/seo\/ -->\n<title>\u00dcber uns - Einwohner*innen-verein St. Georg<\/title>\n<meta name=\"robots\" content=\"index, follow, max-snippet:-1, max-image-preview:large, max-video-preview:-1\" \/>\n<link rel=\"canonical\" href=\"https:\/\/ev-stgeorg.de\/?page_id=4\" \/>\n<meta property=\"og:locale\" content=\"de_DE\" \/>\n<meta property=\"og:type\" content=\"article\" \/>\n<meta property=\"og:title\" content=\"\u00dcber uns - Einwohner*innen-verein St. Georg\" \/>\n<meta property=\"og:description\" content=\"Was wir wollen Wir wollen die Stadtteilkultur f\u00f6rdern durch: \u00a0\u00a0 ein lebendiges Zusammenleben der Einwohner des Stadtteils St Georgs durch eigene Aktivit\u00e4ten im kulturellen und sozialen Bereich wir vermitteln Informationen \u00fcber Fragen, die den Stadtteil betreffen und geben die M\u00f6glichkeiten zur verst\u00e4rkten B\u00fcrgerInnenmitsprache und -wirkung wir wollen das Interesse der EinwohnerInnen St. Georgs am geschichtlichen &hellip; \u00dcber uns weiterlesen &rarr;\" \/>\n<meta property=\"og:url\" content=\"https:\/\/ev-stgeorg.de\/?page_id=4\" \/>\n<meta property=\"og:site_name\" content=\"Einwohner*innen-verein St. Georg\" \/>\n<meta property=\"article:publisher\" content=\"https:\/\/ev-stgeorg.de\/\" \/>\n<meta property=\"article:modified_time\" content=\"2025-10-06T22:08:02+00:00\" \/>\n<meta property=\"og:image\" content=\"https:\/\/ev-stgeorg.de\/wp-content\/uploads\/2016\/02\/btsg-skyline_900.jpg\" \/>\n\t<meta property=\"og:image:width\" content=\"900\" \/>\n\t<meta property=\"og:image:height\" content=\"274\" \/>\n\t<meta property=\"og:image:type\" content=\"image\/jpeg\" \/>\n<meta name=\"twitter:card\" content=\"summary_large_image\" \/>\n<meta name=\"twitter:label1\" content=\"Gesch\u00e4tzte Lesezeit\" \/>\n\t<meta name=\"twitter:data1\" content=\"2\u00a0Minuten\" \/>\n<script type=\"application\/ld+json\" class=\"yoast-schema-graph\">{\"@context\":\"https:\/\/schema.org\",\"@graph\":[{\"@type\":\"WebPage\",\"@id\":\"https:\/\/ev-stgeorg.de\/?page_id=4\",\"url\":\"https:\/\/ev-stgeorg.de\/?page_id=4\",\"name\":\"\u00dcber uns - Einwohner*innen-verein St. Georg\",\"isPartOf\":{\"@id\":\"https:\/\/ev-stgeorg.de\/#website\"},\"primaryImageOfPage\":{\"@id\":\"https:\/\/ev-stgeorg.de\/?page_id=4#primaryimage\"},\"image\":{\"@id\":\"https:\/\/ev-stgeorg.de\/?page_id=4#primaryimage\"},\"thumbnailUrl\":\"https:\/\/ev-stgeorg.de\/wp-content\/uploads\/2016\/02\/btsg-skyline_900-300x91.jpg\",\"datePublished\":\"2016-01-11T15:25:17+00:00\",\"dateModified\":\"2025-10-06T22:08:02+00:00\",\"breadcrumb\":{\"@id\":\"https:\/\/ev-stgeorg.de\/?page_id=4#breadcrumb\"},\"inLanguage\":\"de\",\"potentialAction\":[{\"@type\":\"ReadAction\",\"target\":[\"https:\/\/ev-stgeorg.de\/?page_id=4\"]}]},{\"@type\":\"ImageObject\",\"inLanguage\":\"de\",\"@id\":\"https:\/\/ev-stgeorg.de\/?page_id=4#primaryimage\",\"url\":\"https:\/\/ev-stgeorg.de\/wp-content\/uploads\/2016\/02\/btsg-skyline_900.jpg\",\"contentUrl\":\"https:\/\/ev-stgeorg.de\/wp-content\/uploads\/2016\/02\/btsg-skyline_900.jpg\",\"width\":900,\"height\":274},{\"@type\":\"BreadcrumbList\",\"@id\":\"https:\/\/ev-stgeorg.de\/?page_id=4#breadcrumb\",\"itemListElement\":[{\"@type\":\"ListItem\",\"position\":1,\"name\":\"Startseite\",\"item\":\"https:\/\/ev-stgeorg.de\/\"},{\"@type\":\"ListItem\",\"position\":2,\"name\":\"\u00dcber uns\"}]},{\"@type\":\"WebSite\",\"@id\":\"https:\/\/ev-stgeorg.de\/#website\",\"url\":\"https:\/\/ev-stgeorg.de\/\",\"name\":\"Einwohnerverein St. Georg\",\"description\":\"von 1987 e.V.\",\"potentialAction\":[{\"@type\":\"SearchAction\",\"target\":{\"@type\":\"EntryPoint\",\"urlTemplate\":\"https:\/\/ev-stgeorg.de\/?s={search_term_string}\"},\"query-input\":{\"@type\":\"PropertyValueSpecification\",\"valueRequired\":true,\"valueName\":\"search_term_string\"}}],\"inLanguage\":\"de\"}]}<\/script>\n<!-- \/ Yoast SEO plugin. -->","yoast_head_json":{"title":"\u00dcber uns - Einwohner*innen-verein St. Georg","robots":{"index":"index","follow":"follow","max-snippet":"max-snippet:-1","max-image-preview":"max-image-preview:large","max-video-preview":"max-video-preview:-1"},"canonical":"https:\/\/ev-stgeorg.de\/?page_id=4","og_locale":"de_DE","og_type":"article","og_title":"\u00dcber uns - Einwohner*innen-verein St. Georg","og_description":"Was wir wollen Wir wollen die Stadtteilkultur f\u00f6rdern durch: \u00a0\u00a0 ein lebendiges Zusammenleben der Einwohner des Stadtteils St Georgs durch eigene Aktivit\u00e4ten im kulturellen und sozialen Bereich wir vermitteln Informationen \u00fcber Fragen, die den Stadtteil betreffen und geben die M\u00f6glichkeiten zur verst\u00e4rkten B\u00fcrgerInnenmitsprache und -wirkung wir wollen das Interesse der EinwohnerInnen St. Georgs am geschichtlichen &hellip; \u00dcber uns weiterlesen &rarr;","og_url":"https:\/\/ev-stgeorg.de\/?page_id=4","og_site_name":"Einwohner*innen-verein St. Georg","article_publisher":"https:\/\/ev-stgeorg.de\/","article_modified_time":"2025-10-06T22:08:02+00:00","og_image":[{"width":900,"height":274,"url":"https:\/\/ev-stgeorg.de\/wp-content\/uploads\/2016\/02\/btsg-skyline_900.jpg","type":"image\/jpeg"}],"twitter_card":"summary_large_image","twitter_misc":{"Gesch\u00e4tzte Lesezeit":"2\u00a0Minuten"},"schema":{"@context":"https:\/\/schema.org","@graph":[{"@type":"WebPage","@id":"https:\/\/ev-stgeorg.de\/?page_id=4","url":"https:\/\/ev-stgeorg.de\/?page_id=4","name":"\u00dcber uns - Einwohner*innen-verein St. Georg","isPartOf":{"@id":"https:\/\/ev-stgeorg.de\/#website"},"primaryImageOfPage":{"@id":"https:\/\/ev-stgeorg.de\/?page_id=4#primaryimage"},"image":{"@id":"https:\/\/ev-stgeorg.de\/?page_id=4#primaryimage"},"thumbnailUrl":"https:\/\/ev-stgeorg.de\/wp-content\/uploads\/2016\/02\/btsg-skyline_900-300x91.jpg","datePublished":"2016-01-11T15:25:17+00:00","dateModified":"2025-10-06T22:08:02+00:00","breadcrumb":{"@id":"https:\/\/ev-stgeorg.de\/?page_id=4#breadcrumb"},"inLanguage":"de","potentialAction":[{"@type":"ReadAction","target":["https:\/\/ev-stgeorg.de\/?page_id=4"]}]},{"@type":"ImageObject","inLanguage":"de","@id":"https:\/\/ev-stgeorg.de\/?page_id=4#primaryimage","url":"https:\/\/ev-stgeorg.de\/wp-content\/uploads\/2016\/02\/btsg-skyline_900.jpg","contentUrl":"https:\/\/ev-stgeorg.de\/wp-content\/uploads\/2016\/02\/btsg-skyline_900.jpg","width":900,"height":274},{"@type":"BreadcrumbList","@id":"https:\/\/ev-stgeorg.de\/?page_id=4#breadcrumb","itemListElement":[{"@type":"ListItem","position":1,"name":"Startseite","item":"https:\/\/ev-stgeorg.de\/"},{"@type":"ListItem","position":2,"name":"\u00dcber uns"}]},{"@type":"WebSite","@id":"https:\/\/ev-stgeorg.de\/#website","url":"https:\/\/ev-stgeorg.de\/","name":"Einwohnerverein St. Georg","description":"von 1987 e.V.","potentialAction":[{"@type":"SearchAction","target":{"@type":"EntryPoint","urlTemplate":"https:\/\/ev-stgeorg.de\/?s={search_term_string}"},"query-input":{"@type":"PropertyValueSpecification","valueRequired":true,"valueName":"search_term_string"}}],"inLanguage":"de"}]}},"_links":{"self":[{"href":"https:\/\/ev-stgeorg.de\/index.php?rest_route=\/wp\/v2\/pages\/4"}],"collection":[{"href":"https:\/\/ev-stgeorg.de\/index.php?rest_route=\/wp\/v2\/pages"}],"about":[{"href":"https:\/\/ev-stgeorg.de\/index.php?rest_route=\/wp\/v2\/types\/page"}],"author":[{"embeddable":true,"href":"https:\/\/ev-stgeorg.de\/index.php?rest_route=\/wp\/v2\/users\/1"}],"replies":[{"embeddable":true,"href":"https:\/\/ev-stgeorg.de\/index.php?rest_route=%2Fwp%2Fv2%2Fcomments&post=4"}],"version-history":[{"count":25,"href":"https:\/\/ev-stgeorg.de\/index.php?rest_route=\/wp\/v2\/pages\/4\/revisions"}],"predecessor-version":[{"id":2742,"href":"https:\/\/ev-stgeorg.de\/index.php?rest_route=\/wp\/v2\/pages\/4\/revisions\/2742"}],"wp:attachment":[{"href":"https:\/\/ev-stgeorg.de\/index.php?rest_route=%2Fwp%2Fv2%2Fmedia&parent=4"}],"curies":[{"name":"wp","href":"https:\/\/api.w.org\/{rel}","templated":true}]}}